{"id":183,"date":"2015-10-22T14:21:08","date_gmt":"2015-10-22T12:21:08","guid":{"rendered":"http:\/\/wp.gxsolutions.cz\/?page_id=183"},"modified":"2020-11-26T08:57:51","modified_gmt":"2020-11-26T06:57:51","slug":"products","status":"publish","type":"page","link":"https:\/\/en.gxcorpfin.eu\/subdom\/en\/","title":{"rendered":"Products"},"content":{"rendered":"<div class=\"fill-height-page products-page\">\n<div style=\"background: rgb(255,255,255);\nbackground: linear-gradient(0deg, rgba(255,255,255,1) 25%, rgba(249,249,249,1) 25%);\"><\/p>\n<section id=\"title\" class=\"products-page__container\">\n<h1 style=\"padding-bottom: 30px; padding-top:10px\">Product range<\/h1>\n<div class=\"w-100\">\n<div class=\"col-md-5ths col-sm-6 col-xs-12 Xpopper-rail menu-item-base\">\n<div class=\"d-flex flex-column align-menu-text\">\n<a href=\"https:\/\/en.gxcorpfin.eu\/subdom\/en\/products\/fleeteye-rail-for-diesel-electric-locomotives\/\"><\/p>\n<div class=\"menu-item-image menu-item-image-fix\"><img src=\"http:\/\/www.gxcorpfin.eu\/wp-content\/uploads\/2019\/10\/menu-rail.svg\" alt=\"FleetEye-Rail\" \/><\/div>\n<div class=\"d-flex text-left flex-column mt-4 menu-item-description menu-item-description__rail\">\n<h3>FleetEye-Rail<\/h3>\n<div class=\"menu-item-text\">for diesel-electric locomotives<\/div>\n<\/div>\n<p><\/a>\n<\/div>\n<\/div>\n<div class=\"col-md-5ths col-sm-6 col-xs-12 Xpopper-diesel menu-item-base\">\n<div class=\"d-flex flex-column align-menu-text\">\n<a href=\"https:\/\/en.gxcorpfin.eu\/subdom\/en\/products\/fleeteye-diesel-for-engine-units-and-sets\/\"><\/p>\n<div class=\"menu-item-image menu-item-image-fix\"><img src=\"http:\/\/www.gxcorpfin.eu\/wp-content\/uploads\/2019\/10\/menu-diesel.svg\" alt=\"FleetEye-Diesel\" \/><\/div>\n<div class=\"d-flex text-left flex-column mt-4 menu-item-description menu-item-description__diesel\">\n<h3>FleetEye-Diesel<\/h3>\n<div class=\"menu-item-text\">for engine units and sets<\/div>\n<\/div>\n<p><\/a>\n<\/div>\n<\/div>\n<div class=\"col-md-5ths col-sm-6 col-xs-12 Xpopper-electric menu-item-base\">\n<div class=\"d-flex flex-column align-menu-text\">\n<a href=\"https:\/\/en.gxcorpfin.eu\/subdom\/en\/products\/fleeteye-electric-for-electric-locomotives\/\"><\/p>\n<div class=\"menu-item-image\"><img src=\"http:\/\/www.gxcorpfin.eu\/wp-content\/uploads\/2019\/10\/menu-electric.svg\" alt=\"FleetEye-Electric\" \/><\/div>\n<div class=\"d-flex text-left flex-column mt-4 menu-item-description menu-item-description__electric\">\n<h3>FleetEye-Electric<\/h3>\n<div class=\"menu-item-text\">for electric locomotives<\/div>\n<\/div>\n<p><\/a>\n<\/div>\n<\/div>\n<div class=\"col-md-5ths col-sm-6 col-xs-12 Xpopper-mechanizacion menu-item-base\">\n<div class=\"d-flex flex-column align-menu-text\">\n<a href=\"https:\/\/en.gxcorpfin.eu\/subdom\/en\/products\/fleeteye-mechanization-for-railway-mechanization\/\"><\/p>\n<div class=\"menu-item-image menu-item-image-fix\"><img src=\"http:\/\/www.gxcorpfin.eu\/wp-content\/uploads\/2019\/10\/menu-mechanizacion.svg\" alt=\"FE-Mechanizacion\" \/><\/div>\n<div class=\"d-flex text-left flex-column mt-4 menu-item-description menu-item-description__mechanizacion\">\n<h3>FE-Mechanization<\/h3>\n<div class=\"menu-item-text\">for railway mechanization<\/div>\n<\/div>\n<p><\/a>\n<\/div>\n<\/div>\n<div class=\"col-md-5ths col-sm-6 col-xs-12 Xpopper-carriage menu-item-base\">\n<div class=\"d-flex flex-column align-menu-text\">\n<a href=\"https:\/\/en.gxcorpfin.eu\/subdom\/en\/products\/fleeteye-carriage-for-railway-vehicles\/\"><\/p>\n<div class=\"menu-item-image menu-item-image-fix\"><img src=\"http:\/\/www.gxcorpfin.eu\/wp-content\/uploads\/2019\/10\/menu-carriage.svg\" alt=\"FleetEye_Carriage\" \/><\/div>\n<div class=\"d-flex text-left flex-column mt-4 menu-item-description menu-item-description__carriage\">\n<h3>FleetEye-Carriage<\/h3>\n<div class=\"menu-item-text\">for railway vehicles<\/div>\n<\/div>\n<p><\/a>\n<\/div>\n<\/div>\n<\/div>\n<\/section>\n<\/div>\n<p>&nbsp;<\/p>\n<div class=\"popper-popup popper-popup__rail\"><\/div>\n<div class=\"container popper-popup__content popper-popup__rail-content menu-item-description__rail\">Syst\u00e9m FleetEye-Rail pro dieselov\u00e9 lokomotivy s elektrick\u00fdm p\u0159enosem v\u00fdkonu tvo\u0159\u00ed z\u00e1klad produktov\u00e9 \u0159ady GX LOCO. Jedn\u00e1 se o modul\u00e1rn\u00ed syst\u00e9m, kter\u00fd lze roz\u0161i\u0159ovat podle po\u017eadavk\u016f z\u00e1kazn\u00edka. \u0158\u00edd\u00edc\u00ed jednotka sn\u00edm\u00e1 data z v\u00edce ne\u017e 30 vstup\u016f na hnac\u00edm dr\u00e1\u017en\u00edm vozidle v\u010detn\u011b sond v n\u00e1dr\u017ei, v re\u00e1ln\u00e9m \u010dase je dod\u00e1v\u00e1 z\u00e1kazn\u00edkovi a prost\u0159ednictv\u00edm d\u00edl\u010d\u00edch i komplexn\u00edch v\u00fdstup\u016f umo\u017en\u00ed rychl\u00e9 a efektivn\u00ed vyhodnocen\u00ed provozu lokomotiv pro v\u0161echny \u00farovn\u011b \u0159\u00edzen\u00ed a spr\u00e1vy vozov\u00e9ho parku ve spole\u010dnosti.<\/div>\n<div class=\"popper-popup popper-popup__diesel\"><\/div>\n<div class=\"container popper-popup__content popper-popup__diesel-content menu-item-description__diesel\">\u0158e\u0161en\u00ed p\u0159ipraven\u00e9 na m\u00edru pro dieselov\u00e9 motorov\u00e9 jednotky, motorov\u00e9 vozy a soupravy s mechanick\u00fdm p\u0159enosem v\u00fdkonu. Syst\u00e9m je p\u0159ipraven na sn\u00edm\u00e1n\u00ed parametr\u016f i ze dvou dieselov\u00fdch motor\u016f a n\u011bkolika naftov\u00fdch n\u00e1dr\u017e\u00ed a to i v p\u0159\u00edpad\u011b, \u017ee jsou pohonn\u00e9 agreg\u00e1ty um\u00edst\u011bny v r\u016fzn\u00fdch vozech soupravy.<\/div>\n<div class=\"popper-popup popper-popup__electric\"><\/div>\n<div class=\"container popper-popup__content popper-popup__electric-content menu-item-description__electric\">FleetEye-Electric je element\u00e1rn\u00ed \u0159e\u0161en\u00ed pro na\u0161e z\u00e1kazn\u00edky, kte\u0159\u00ed cht\u011bj\u00ed vid\u011bt v\u0161echny lokomotivy v jednom syst\u00e9mu bez rozd\u00edlu trakce. D\u00edky FleetEye-Electric mohou v re\u00e1ln\u00e9m \u010dase sledovat pohyb, rychlost a kilometrick\u00fd prob\u011bh elektrick\u00fdch lokomotiv.<\/div>\n<div class=\"popper-popup popper-popup__mechanizacion\"><\/div>\n<div class=\"container popper-popup__content popper-popup__mechanizacion-content menu-item-description__mechanizacion\">V reakci na pot\u0159eby na\u0161ich z\u00e1kazn\u00edk\u016f jsme vyvinuli produkt FleetEye-Mechanization pro monitorov\u00e1n\u00ed kolejov\u00e9 mechanizace. \u0158e\u0161en\u00ed FleetEye-Mechanization je mo\u017eno nasadit na \u0161irokou \u0161k\u00e1lu dr\u00e1\u017en\u00ed mechanizace od automatick\u00e9 strojn\u00ed podb\u00edje\u010dky a\u017e po dvoucestn\u00fd bagr. Jejich provozovatel\u016fm pak umo\u017e\u0148uje nejen p\u0159esn\u00fd p\u0159ehled o poloze vozidla, ale tak\u00e9 o chodu motoru, v\u00fdkonu stroje \u010di stavu paliva v n\u00e1dr\u017ei a dal\u0161\u00edch provozn\u00edch parametrech.<\/div>\n<div class=\"popper-popup popper-popup__carriage\"><\/div>\n<div class=\"container popper-popup__content popper-popup__carriage-content menu-item-description__carriage\">\u0158e\u0161en\u00ed pro vlastn\u00edky i provozovatele \u017eelezni\u010dn\u00edch vag\u00f3n\u016f umo\u017en\u00ed jednodu\u0161e a efektivn\u011b sledovat polohu a kilometrick\u00fd prob\u011bh voz\u016f po cel\u00e9m sv\u011bt\u011b. Snadn\u00e1 instalace, p\u0159enositelnost za\u0159\u00edzen\u00ed i nen\u00e1ro\u010dnost \u00fadr\u017eby vy\u017eaduj\u00edc\u00ed pouze v\u00fdm\u011bnu bateri\u00ed, zajist\u00ed v\u0161em dr\u017eitel\u016fm vag\u00f3n\u016f okam\u017eit\u00fd a snadn\u00fd p\u0159ehled nad jejich vozov\u00fdm parkem.<\/div>\n<section id=\"monitoring\" class=\"about-us\">\n<div class=\"container\">\n<p><!-- SECTION HEADER --><\/p>\n<div class=\"section-header\">\n<p><!-- SECTION TITLE --><\/p>\n<h2 class=\"dark-text\" style=\"color: #fff !important;\">Monitoring and its benefits<\/h2>\n<p><!-- SHORT DESCRIPTION ABOUT THE SECTION --><\/p>\n<h6 class=\"white-text\" style=\"color: #fff !important; text-align: center\">Rail and rail vehicle tracking through FleetEye does not only mean immediate checking and monitoring of the locomotive\u2019s position. Thanks to sophisticated data collection and its follow-up in the form of practical outputs, the operator will be able to quickly and efficiently evaluate traffic for all levels of management and fleet management.<\/h6>\n<\/div>\n<p><!-- \/ END SECTION HEADER --><\/p>\n<p><!-- 3 COLUMNS OF ABOUT US--><\/p>\n<div class=\"row\">\n<p><!-- COLUMN 1 - BIG MESSAGE ABOUT THE COMPANY--><\/p>\n<div class=\"col-lg-4 col-md-4 column\" style=\"color: #fff !important;\">\n<div class=\"big-intro\" data-scrollreveal=\"enter left after 0s over 1s\">FleetEye system application:<\/div>\n<\/div>\n<div class=\"col-lg-8 col-md-8 column\" data-scrollreveal=\"enter bottom after 0s over 1s\">\n<ul class=\"left_li\" style=\"color: #fff !important;\">\n<li>an on-line overview of the current status and position of the entire fleet of rail vehicles<\/li>\n<li>immediate control over fuel refilling and fuel consumption of rail vehicles<\/li>\n<li>avoiding unnecessary disasters and thefts of fuel<\/li>\n<li>elimination of unnecessary journeys and downtime of locomotives<\/li>\n<li>overview of locomotive power utilization<\/li>\n<li>use locomotives of adequate power-efficiency<\/li>\n<li>checking the technical condition of locomotives<\/li>\n<li>maintenance and repair savings<\/li>\n<li>increased productivity and health &#038; safety at work<\/li>\n<\/ul>\n<\/div>\n<p><!-- CLIENTS --><\/p>\n<h6 style=\"color: #fff; text-align: center; padding-bottom: 20px; font-size: 22px; line-height: 30px;\">The FleetEye system is fully designed and approved for operation on rail vehicles, and is supplied with approval according to the specific country\u2019s legislation. The approval process is entirely within our competence, as well as the assembly, including the necessary certifications.<\/h6>\n<\/div>\n<p><!-- \/ END CONTAINER --><\/p>\n<\/div>\n<\/section>\n<section id=\"why-monitoring\">\n<div class=\"container\">\n<h1 style=\"padding-top:30px; padding-bottom:30px;\"> Why monitoring from GX CORPFIN<\/h1>\n<div class=\"d-flex flex-row justify-content-between flex-wrap\">\n<div class=\"col-md-3 col-xs-12\">\n<i class=\"fas fa-4x fa-chart-pie\" style=\"color:#29388b\"><\/i><\/p>\n<div style=\"color:#29388b\"class=\"number-title\">5<\/div>\n<div>product ranges<\/div>\n<\/div>\n<div class=\"col-md-3 col-xs-12\">\n<i class=\"fas fa-4x fa-check-circle\" style=\"color:#29388b\"><\/i><\/p>\n<div style=\"color:#29388b\" class=\"number-title\">15<\/div>\n<div>years of experience<\/div>\n<\/div>\n<div class=\"col-md-3 col-xs-12\">\n<i class=\"fas fa-4x fa-cog\" style=\"color:#29388b\"><\/i><\/p>\n<div style=\"color:#29388b\" class=\"number-title\">850<\/div>\n<div>installations<br \/>on locomotives<\/div>\n<\/div>\n<div class=\"col-md-3 col-xs-12\">\n<i class=\"fas fa-4x fa-subway\" style=\"color:#29388b\"><\/i><\/p>\n<div style=\"color:#29388b\" class=\"number-title\">5000<\/div>\n<div>installations<br \/>for railway vehicles<\/div>\n<\/div>\n<\/div>\n<\/div>\n<p>&nbsp;<\/p>\n<\/section>\n<section id=\"reference\" class=\"about-us mt-2\">\n<h1 style=\"color:#000; padding-top:30px; padding-bottom:0;\">References<\/h1>\n<div class=\"container logos-container\">\n<div class=\"col-md-6 col-lg-3 col-xs-12 logo-image\"><img src=\"\/wp-content\/uploads\/2016\/03\/Zeleznicna_spolocnost_slovensko.png\" \/><\/div>\n<div class=\"col-md-6 col-lg-3 col-xs-12 logo-image\"><img src=\"\/wp-content\/uploads\/2016\/03\/zssk_Cargo.png\" \/><\/div>\n<div class=\"col-md-6 col-lg-3 col-xs-12 logo-image\"><img src=\"\/wp-content\/uploads\/2016\/03\/CD_Cargo.png\" \/><\/div>\n<div class=\"col-md-6 col-lg-3 col-xs-12 logo-image\"><img src=\"\/wp-content\/uploads\/2016\/03\/Ceske_drahy.png\" \/><\/div>\n<div class=\"col-md-6 col-lg-3 col-xs-12 logo-image\"><img src=\"\/wp-content\/uploads\/2017\/11\/sd_logo.png\" \/><\/div>\n<div class=\"col-md-6 col-lg-3 col-xs-12 logo-image\"><img src=\"\/wp-content\/uploads\/2016\/03\/Trinecke_zelezarny.png\" \/><\/div>\n<div class=\"col-md-6 col-lg-3 col-xs-12 logo-image\"><img src=\"\/wp-content\/uploads\/2017\/11\/vitkovice_logo.png\" \/><\/div>\n<div class=\"col-md-6 col-lg-3 col-xs-12 logo-image\"><img src=\"\/wp-content\/uploads\/2016\/03\/Arcelor_Mittal.png\" \/><\/div>\n<div class=\"col-md-6 col-lg-3 col-xs-12 logo-image\"><img src=\"\/wp-content\/uploads\/2019\/10\/zos-logo.png\" \/><\/div>\n<div class=\"col-md-6 col-lg-3 col-xs-12 logo-image\"><img src=\"\/wp-content\/uploads\/2016\/03\/IDS_Cargo.png\" \/><\/div>\n<div class=\"col-md-6 col-lg-3 col-xs-12 logo-image\"><img src=\"\/wp-content\/uploads\/2016\/03\/PSZ.png\" \/><\/div>\n<div class=\"col-md-6 col-lg-3 col-xs-12 logo-image\"><img src=\"\/wp-content\/uploads\/2016\/03\/CRW.png\" \/><\/div>\n<div class=\"col-md-6 col-lg-3 col-xs-12 logo-image\"><img src=\"\/wp-content\/uploads\/2019\/10\/IG-Rail_logo.png\" \/><\/div>\n<div class=\"col-md-6 col-lg-3 col-xs-12 logo-image\"><img src=\"\/wp-content\/uploads\/2016\/03\/duslo.png\" \/><\/div>\n<div class=\"col-md-6 col-lg-3 col-xs-12 logo-image\"><img src=\"\/wp-content\/uploads\/2016\/03\/Deza.png\" \/><\/div>\n<div class=\"col-md-6 col-lg-3 col-xs-12 logo-image\"><img src=\"\/wp-content\/uploads\/2019\/10\/teko-logo.png\" \/><\/div>\n<div class=\"col-md-6 col-lg-3 col-xs-12 logo-image\"><img src=\"\/wp-content\/uploads\/2019\/10\/logo_ZS.png\" \/><\/div>\n<div class=\"col-md-6 col-lg-3 col-xs-12 logo-image\"><img src=\"\/wp-content\/uploads\/2019\/10\/LTE_Logistic_&amp;_Transport_logo.svg.png\" \/><\/div>\n<div class=\"col-md-6 col-lg-3 col-xs-12 logo-image\"><img src=\"\/wp-content\/uploads\/2019\/10\/tss_logo.png\" \/><\/div>\n<div class=\"col-md-6 col-lg-3 col-xs-12 logo-image\"><img src=\"\/wp-content\/uploads\/2019\/10\/us-steel-logo.png\" \/><\/div>\n<\/div>\n<\/section>\n<\/div>\n","protected":false},"excerpt":{"rendered":"<p>Product range FleetEye-Rail for diesel-electric locomotives FleetEye-Diesel for engine units and sets FleetEye-Electric for electric locomotives FE-Mechanization for railway mechanization FleetEye-Carriage for railway vehicles &nbsp; Syst\u00e9m FleetEye-Rail pro dieselov\u00e9 lokomotivy s elektrick\u00fdm p\u0159enosem v\u00fdkonu tvo\u0159\u00ed z\u00e1klad produktov\u00e9 \u0159ady GX LOCO. Jedn\u00e1 se o modul\u00e1rn\u00ed syst\u00e9m, kter\u00fd lze roz\u0161i\u0159ovat podle po\u017eadavk\u016f z\u00e1kazn\u00edka. \u0158\u00edd\u00edc\u00ed jednotka sn\u00edm\u00e1 data<a href=\"https:\/\/en.gxcorpfin.eu\/subdom\/en\/\">[&#8230;]<\/a><\/p>\n","protected":false},"author":1,"featured_media":0,"parent":0,"menu_order":0,"comment_status":"closed","ping_status":"closed","template":"template-fullwidth-standard.php","meta":{"inline_featured_image":false},"_links":{"self":[{"href":"https:\/\/en.gxcorpfin.eu\/subdom\/en\/wp-json\/wp\/v2\/pages\/183"}],"collection":[{"href":"https:\/\/en.gxcorpfin.eu\/subdom\/en\/wp-json\/wp\/v2\/pages"}],"about":[{"href":"https:\/\/en.gxcorpfin.eu\/subdom\/en\/wp-json\/wp\/v2\/types\/page"}],"author":[{"embeddable":true,"href":"https:\/\/en.gxcorpfin.eu\/subdom\/en\/wp-json\/wp\/v2\/users\/1"}],"replies":[{"embeddable":true,"href":"https:\/\/en.gxcorpfin.eu\/subdom\/en\/wp-json\/wp\/v2\/comments?post=183"}],"version-history":[{"count":182,"href":"https:\/\/en.gxcorpfin.eu\/subdom\/en\/wp-json\/wp\/v2\/pages\/183\/revisions"}],"predecessor-version":[{"id":2659,"href":"https:\/\/en.gxcorpfin.eu\/subdom\/en\/wp-json\/wp\/v2\/pages\/183\/revisions\/2659"}],"wp:attachment":[{"href":"https:\/\/en.gxcorpfin.eu\/subdom\/en\/wp-json\/wp\/v2\/media?parent=183"}],"curies":[{"name":"wp","href":"https:\/\/api.w.org\/{rel}","templated":true}]}}